{"id":2045,"date":"2023-03-21T14:14:25","date_gmt":"2023-03-21T18:14:25","guid":{"rendered":"https:\/\/henner.switch.makemagik.com\/trouver-un-prestataire-medical-participant\/"},"modified":"2024-05-30T08:51:26","modified_gmt":"2024-05-30T12:51:26","slug":"trouver-un-prestataire-de-sante","status":"publish","type":"page","link":"https:\/\/henner.globalexcel.com\/fr\/trouver-un-prestataire-de-sante\/","title":{"rendered":"Trouver un prestataire de sant\u00e9"},"content":{"rendered":"\t\t<div data-elementor-type=\"wp-page\" data-elementor-id=\"2045\" class=\"elementor elementor-2045 elementor-1524\" data-elementor-post-type=\"page\">\n\t\t\t\t<div class=\"elementor-element elementor-element-65a3a47 e-flex e-con-boxed e-con e-parent\" data-id=\"65a3a47\" data-element_type=\"container\" data-e-type=\"container\" data-settings=\"{&quot;background_background&quot;:&quot;classic&quot;}\">\n\t\t\t\t\t<div class=\"e-con-inner\">\n\t\t\t\t<div class=\"elementor-element elementor-element-a40a6d7 elementor-widget elementor-widget-heading\" data-id=\"a40a6d7\" data-element_type=\"widget\" data-e-type=\"widget\" data-widget_type=\"heading.default\">\n\t\t\t\t<div class=\"elementor-widget-container\">\n\t\t\t\t\t<h1 class=\"elementor-heading-title elementor-size-default\">Trouver un prestataire de sant\u00e9<\/h1>\t\t\t\t<\/div>\n\t\t\t\t<\/div>\n\t\t\t\t\t<\/div>\n\t\t\t\t<\/div>\n\t\t<div class=\"elementor-element elementor-element-da69158 e-flex e-con-boxed e-con e-parent\" data-id=\"da69158\" data-element_type=\"container\" data-e-type=\"container\">\n\t\t\t\t\t<div class=\"e-con-inner\">\n\t\t\t\t<div class=\"elementor-element elementor-element-16dee9f elementor-widget elementor-widget-heading\" data-id=\"16dee9f\" data-element_type=\"widget\" data-e-type=\"widget\" data-widget_type=\"heading.default\">\n\t\t\t\t<div class=\"elementor-widget-container\">\n\t\t\t\t\t<h2 class=\"elementor-heading-title elementor-size-default\"><strong>Global Excel<\/strong> a des partenariats avec des r\u00e9seaux de prestataires \u00e0 l'\u00e9chelle nationale, garantissant un acc\u00e8s des soins de haute qualit\u00e9 \u00e0 un co\u00fbt raisonnable.\n<\/h2>\t\t\t\t<\/div>\n\t\t\t\t<\/div>\n\t\t\t\t<div class=\"elementor-element elementor-element-a21c310 elementor-widget elementor-widget-button\" data-id=\"a21c310\" data-element_type=\"widget\" data-e-type=\"widget\" data-widget_type=\"button.default\">\n\t\t\t\t<div class=\"elementor-widget-container\">\n\t\t\t\t\t\t\t\t\t<div class=\"elementor-button-wrapper\">\n\t\t\t\t\t<a class=\"elementor-button elementor-button-link elementor-size-xl\" href=\"https:\/\/www.aetna.com\/dsepublic\/#\/contentPage?page=providerSearchLanding&#038;site_id=passport\" target=\"_blank\">\n\t\t\t\t\t\t<span class=\"elementor-button-content-wrapper\">\n\t\t\t\t\t\t<span class=\"elementor-button-icon\">\n\t\t\t\t<i aria-hidden=\"true\" class=\"fas fa-arrow-right\"><\/i>\t\t\t<\/span>\n\t\t\t\t\t\t\t\t\t<span class=\"elementor-button-text\">Trouver un prestataire de sant\u00e9<\/span>\n\t\t\t\t\t<\/span>\n\t\t\t\t\t<\/a>\n\t\t\t\t<\/div>\n\t\t\t\t\t\t\t\t<\/div>\n\t\t\t\t<\/div>\n\t\t\t\t<div class=\"elementor-element elementor-element-1501a1f elementor-widget-divider--view-line elementor-widget elementor-widget-divider\" data-id=\"1501a1f\" data-element_type=\"widget\" data-e-type=\"widget\" data-widget_type=\"divider.default\">\n\t\t\t\t<div class=\"elementor-widget-container\">\n\t\t\t\t\t\t\t<div class=\"elementor-divider\">\n\t\t\t<span class=\"elementor-divider-separator\">\n\t\t\t\t\t\t<\/span>\n\t\t<\/div>\n\t\t\t\t\t\t<\/div>\n\t\t\t\t<\/div>\n\t\t\t\t<div class=\"elementor-element elementor-element-aa20d4a elementor-widget elementor-widget-heading\" data-id=\"aa20d4a\" data-element_type=\"widget\" data-e-type=\"widget\" data-widget_type=\"heading.default\">\n\t\t\t\t<div class=\"elementor-widget-container\">\n\t\t\t\t\t<h2 class=\"elementor-heading-title elementor-size-default\">Les avantages de rester dans le r\u00e9seau<\/h2>\t\t\t\t<\/div>\n\t\t\t\t<\/div>\n\t\t\t\t<div class=\"elementor-element elementor-element-365d676 elementor-widget elementor-widget-text-editor\" data-id=\"365d676\" data-element_type=\"widget\" data-e-type=\"widget\" data-widget_type=\"text-editor.default\">\n\t\t\t\t<div class=\"elementor-widget-container\">\n\t\t\t\t\t\t\t\t\t<p>L\u2019acc\u00e8s \u00e0 des soins de qualit\u00e9 au meilleur prix est l\u2019objectif principal de Global Excel. Aux \u00c9tats-Unis, les m\u00e9decins et les h\u00f4pitaux sont g\u00e9n\u00e9ralement affili\u00e9s \u00e0 un r\u00e9seau particulier, qui est expliqu\u00e9 plus en d\u00e9tail sur notre page <a href=\"https:\/\/henner.globalexcel.com\/fr\/se-familiariser-avec-le-systeme-de-sante\/\">\u00ab En savoir plus sur le syst\u00e8me de sant\u00e9 \u00bb<\/a>.<\/p><p>La visite d\u2019un fournisseur \u00ab du r\u00e9seau \u00bb vous est b\u00e9n\u00e9fique, car le fournisseur n\u2019exige g\u00e9n\u00e9ralement pas de paiement (sauf s\u2019il y a un co-paiement ou une franchise), et le prix et la qualit\u00e9 ont d\u00e9j\u00e0 \u00e9t\u00e9 v\u00e9rifi\u00e9s.<\/p><p><strong style=\"text-align: var(--text-align); font-size: 1em;\">Notre r\u00e9seau aux \u00c9tats-Unis vous offre un acc\u00e8s \u00e0 :<\/strong><\/p><ul><li>Plus de 690 000 m\u00e9decins et sp\u00e9cialistes<\/li><li>Plus de 5 700 h\u00f4pitaux<\/li><\/ul><p>Une consultation avec l\u2019un de nos prestataires de sant\u00e9 au sein de notre r\u00e9seau vous \u00e9vitera d\u2019avancer les frais li\u00e9s \u00e0 vos soins selon votre couverture.<\/p>\t\t\t\t\t\t\t\t<\/div>\n\t\t\t\t<\/div>\n\t\t\t\t<div class=\"elementor-element elementor-element-1c0d6e1 elementor-widget-divider--view-line elementor-widget elementor-widget-divider\" data-id=\"1c0d6e1\" data-element_type=\"widget\" data-e-type=\"widget\" data-widget_type=\"divider.default\">\n\t\t\t\t<div class=\"elementor-widget-container\">\n\t\t\t\t\t\t\t<div class=\"elementor-divider\">\n\t\t\t<span class=\"elementor-divider-separator\">\n\t\t\t\t\t\t<\/span>\n\t\t<\/div>\n\t\t\t\t\t\t<\/div>\n\t\t\t\t<\/div>\n\t\t\t\t<div class=\"elementor-element elementor-element-a5cdff0 elementor-widget elementor-widget-heading\" data-id=\"a5cdff0\" data-element_type=\"widget\" data-e-type=\"widget\" data-widget_type=\"heading.default\">\n\t\t\t\t<div class=\"elementor-widget-container\">\n\t\t\t\t\t<h2 class=\"elementor-heading-title elementor-size-default\">Trouver un prestataire de sant\u00e9 \n<\/h2>\t\t\t\t<\/div>\n\t\t\t\t<\/div>\n\t\t\t\t<div class=\"elementor-element elementor-element-2ced8e5 elementor-widget elementor-widget-text-editor\" data-id=\"2ced8e5\" data-element_type=\"widget\" data-e-type=\"widget\" data-widget_type=\"text-editor.default\">\n\t\t\t\t<div class=\"elementor-widget-container\">\n\t\t\t\t\t\t\t\t\tPour trouver un m\u00e9decin, un sp\u00e9cialiste ou un h\u00f4pital, veuillez <a href=\"https:\/\/www.aetna.com\/dsepublic\/#\/contentPage?page=providerSearchLanding&amp;site_id=passport\" target=\"_blank\" rel=\"noopener\">cliquer ici<\/a> et prendre contact directement avec le prestataire de sant\u00e9.\n<ul>\n \t<li>Pr\u00e9sentez votre carte Aetna \u00e0 chaque rendez vous.<\/li>\n \t<li>Le prestataire de sant\u00e9 peut v\u00e9rifier votre \u00e9ligibilit\u00e9 en contactant Global Excel au\u00a0<b style=\"caret-color: #212121; color: #212121; font-family: Calibri, sans-serif; font-size: 13.3333px;\"><span style=\"font-size: 11pt; line-height: 1.2;\">1-866-936-1225.<\/span><\/b><\/li>\n \t<li>Les soins couverts par votre contrat d\u2019assurance sant\u00e9 seront directement pay\u00e9s au prestataire de sant\u00e9. Veuillez noter que selon votre couverture, il est probable que vous ayez \u00e0 r\u00e9gler un reste \u00e0 charge aupr\u00e8s du prestataire de sant\u00e9.<\/li>\n<\/ul>\t\t\t\t\t\t\t\t<\/div>\n\t\t\t\t<\/div>\n\t\t\t\t\t<\/div>\n\t\t\t\t<\/div>\n\t\t<div class=\"elementor-element elementor-element-dfde001 e-flex e-con-boxed e-con e-parent\" data-id=\"dfde001\" data-element_type=\"container\" data-e-type=\"container\" data-settings=\"{&quot;background_background&quot;:&quot;classic&quot;}\">\n\t\t\t\t\t<div class=\"e-con-inner\">\n\t\t\t\t<div class=\"elementor-element elementor-element-f99e2b2 elementor-widget elementor-widget-button\" data-id=\"f99e2b2\" data-element_type=\"widget\" data-e-type=\"widget\" data-widget_type=\"button.default\">\n\t\t\t\t<div class=\"elementor-widget-container\">\n\t\t\t\t\t\t\t\t\t<div class=\"elementor-button-wrapper\">\n\t\t\t\t\t<a class=\"elementor-button elementor-button-link elementor-size-xl\" href=\"https:\/\/www.aetna.com\/dsepublic\/#\/contentPage?page=providerSearchLanding&#038;site_id=passport\" target=\"_blank\">\n\t\t\t\t\t\t<span class=\"elementor-button-content-wrapper\">\n\t\t\t\t\t\t<span class=\"elementor-button-icon\">\n\t\t\t\t<i aria-hidden=\"true\" class=\"fas fa-arrow-right\"><\/i>\t\t\t<\/span>\n\t\t\t\t\t\t\t\t\t<span class=\"elementor-button-text\">Trouver un prestataire de sant\u00e9<\/span>\n\t\t\t\t\t<\/span>\n\t\t\t\t\t<\/a>\n\t\t\t\t<\/div>\n\t\t\t\t\t\t\t\t<\/div>\n\t\t\t\t<\/div>\n\t\t\t\t\t<\/div>\n\t\t\t\t<\/div>\n\t\t\t\t<\/div>\n\t\t","protected":false},"excerpt":{"rendered":"<p>Trouver un prestataire de sant\u00e9 Global Excel a des partenariats avec des r\u00e9seaux de prestataires \u00e0 l&rsquo;\u00e9chelle nationale, garantissant un acc\u00e8s des soins de haute qualit\u00e9 \u00e0 un co\u00fbt raisonnable. Trouver un prestataire de sant\u00e9 Les avantages de rester dans le r\u00e9seau L\u2019acc\u00e8s \u00e0 des soins de qualit\u00e9 au meilleur prix est l\u2019objectif principal de [&hellip;]<\/p>\n","protected":false},"author":2,"featured_media":0,"parent":0,"menu_order":0,"comment_status":"closed","ping_status":"closed","template":"","meta":{"inline_featured_image":false,"footnotes":""},"class_list":["post-2045","page","type-page","status-publish","hentry"],"_links":{"self":[{"href":"https:\/\/henner.globalexcel.com\/fr\/wp-json\/wp\/v2\/pages\/2045","targetHints":{"allow":["GET"]}}],"collection":[{"href":"https:\/\/henner.globalexcel.com\/fr\/wp-json\/wp\/v2\/pages"}],"about":[{"href":"https:\/\/henner.globalexcel.com\/fr\/wp-json\/wp\/v2\/types\/page"}],"author":[{"embeddable":true,"href":"https:\/\/henner.globalexcel.com\/fr\/wp-json\/wp\/v2\/users\/2"}],"replies":[{"embeddable":true,"href":"https:\/\/henner.globalexcel.com\/fr\/wp-json\/wp\/v2\/comments?post=2045"}],"version-history":[{"count":126,"href":"https:\/\/henner.globalexcel.com\/fr\/wp-json\/wp\/v2\/pages\/2045\/revisions"}],"predecessor-version":[{"id":3797,"href":"https:\/\/henner.globalexcel.com\/fr\/wp-json\/wp\/v2\/pages\/2045\/revisions\/3797"}],"wp:attachment":[{"href":"https:\/\/henner.globalexcel.com\/fr\/wp-json\/wp\/v2\/media?parent=2045"}],"curies":[{"name":"wp","href":"https:\/\/api.w.org\/{rel}","templated":true}]}}