{"id":2053,"date":"2023-03-21T14:34:24","date_gmt":"2023-03-21T18:34:24","guid":{"rendered":"https:\/\/henner.switch.makemagik.com\/trouver-une-pharmacie\/"},"modified":"2024-04-16T14:24:42","modified_gmt":"2024-04-16T18:24:42","slug":"trouver-une-pharmacie","status":"publish","type":"page","link":"https:\/\/henner.globalexcel.com\/fr\/trouver-une-pharmacie\/","title":{"rendered":"Trouver une pharmacie"},"content":{"rendered":"\t\t<div data-elementor-type=\"wp-page\" data-elementor-id=\"2053\" class=\"elementor elementor-2053 elementor-1747\" data-elementor-post-type=\"page\">\n\t\t\t\t<div class=\"elementor-element elementor-element-65a3a47 e-flex e-con-boxed e-con e-parent\" data-id=\"65a3a47\" data-element_type=\"container\" data-e-type=\"container\" data-settings=\"{&quot;background_background&quot;:&quot;classic&quot;}\">\n\t\t\t\t\t<div class=\"e-con-inner\">\n\t\t\t\t<div class=\"elementor-element elementor-element-74d447a elementor-widget elementor-widget-heading\" data-id=\"74d447a\" data-element_type=\"widget\" data-e-type=\"widget\" data-widget_type=\"heading.default\">\n\t\t\t\t<div class=\"elementor-widget-container\">\n\t\t\t\t\t<h1 class=\"elementor-heading-title elementor-size-default\">Trouver une pharmacie<\/h1>\t\t\t\t<\/div>\n\t\t\t\t<\/div>\n\t\t\t\t\t<\/div>\n\t\t\t\t<\/div>\n\t\t<div class=\"elementor-element elementor-element-da69158 e-flex e-con-boxed e-con e-parent\" data-id=\"da69158\" data-element_type=\"container\" data-e-type=\"container\">\n\t\t\t\t\t<div class=\"e-con-inner\">\n\t\t\t\t<div class=\"elementor-element elementor-element-16dee9f elementor-widget elementor-widget-heading\" data-id=\"16dee9f\" data-element_type=\"widget\" data-e-type=\"widget\" data-widget_type=\"heading.default\">\n\t\t\t\t<div class=\"elementor-widget-container\">\n\t\t\t\t\t<h2 class=\"elementor-heading-title elementor-size-default\"><strong>Global Excel<\/strong> et  <strong>CVS \u2013 Caremark<\/strong>  se sont associ\u00e9s afin de vous donner acc\u00e8s \u00e0 l\u2019un des plus grands r\u00e9seaux de pharmacies, vous garantissant ainsi des prix raisonnables. \n<\/h2>\t\t\t\t<\/div>\n\t\t\t\t<\/div>\n\t\t<div class=\"elementor-element elementor-element-3689a63 e-con-full e-flex e-con e-child\" data-id=\"3689a63\" data-element_type=\"container\" data-e-type=\"container\">\n\t\t\t\t<div class=\"elementor-element elementor-element-a2dfe57 elementor-widget elementor-widget-button\" data-id=\"a2dfe57\" data-element_type=\"widget\" data-e-type=\"widget\" data-widget_type=\"button.default\">\n\t\t\t\t<div class=\"elementor-widget-container\">\n\t\t\t\t\t\t\t\t\t<div class=\"elementor-button-wrapper\">\n\t\t\t\t\t<a class=\"elementor-button elementor-button-link elementor-size-xl\" href=\"https:\/\/www.caremark.com\/portal\/asset\/olympus_pharm.htm\" target=\"_blank\">\n\t\t\t\t\t\t<span class=\"elementor-button-content-wrapper\">\n\t\t\t\t\t\t<span class=\"elementor-button-icon\">\n\t\t\t\t<i aria-hidden=\"true\" class=\"fas fa-arrow-right\"><\/i>\t\t\t<\/span>\n\t\t\t\t\t\t\t\t\t<span class=\"elementor-button-text\">Trouver une pharmacie<\/span>\n\t\t\t\t\t<\/span>\n\t\t\t\t\t<\/a>\n\t\t\t\t<\/div>\n\t\t\t\t\t\t\t\t<\/div>\n\t\t\t\t<\/div>\n\t\t\t\t<div class=\"elementor-element elementor-element-35682ea elementor-widget elementor-widget-button\" data-id=\"35682ea\" data-element_type=\"widget\" data-e-type=\"widget\" data-widget_type=\"button.default\">\n\t\t\t\t<div class=\"elementor-widget-container\">\n\t\t\t\t\t\t\t\t\t<div class=\"elementor-button-wrapper\">\n\t\t\t\t\t<a class=\"elementor-button elementor-button-link elementor-size-xl\" href=\"https:\/\/www.caremark.com\/portal\/asset\/olympus_cdc.htm\" target=\"_blank\">\n\t\t\t\t\t\t<span class=\"elementor-button-content-wrapper\">\n\t\t\t\t\t\t<span class=\"elementor-button-icon\">\n\t\t\t\t<i aria-hidden=\"true\" class=\"fas fa-arrow-right\"><\/i>\t\t\t<\/span>\n\t\t\t\t\t\t\t\t\t<span class=\"elementor-button-text\">Consulter le prix des m\u00e9dicaments<\/span>\n\t\t\t\t\t<\/span>\n\t\t\t\t\t<\/a>\n\t\t\t\t<\/div>\n\t\t\t\t\t\t\t\t<\/div>\n\t\t\t\t<\/div>\n\t\t\t\t<div class=\"elementor-element elementor-element-e215f97 elementor-widget elementor-widget-button\" data-id=\"e215f97\" data-element_type=\"widget\" data-e-type=\"widget\" data-widget_type=\"button.default\">\n\t\t\t\t<div class=\"elementor-widget-container\">\n\t\t\t\t\t\t\t\t\t<div class=\"elementor-button-wrapper\">\n\t\t\t\t\t<a class=\"elementor-button elementor-button-link elementor-size-xl\" href=\"https:\/\/www.rxprintacard.biz\/private-label\/enroll-now?account=93\" target=\"_blank\">\n\t\t\t\t\t\t<span class=\"elementor-button-content-wrapper\">\n\t\t\t\t\t\t<span class=\"elementor-button-icon\">\n\t\t\t\t<i aria-hidden=\"true\" class=\"fas fa-arrow-right\"><\/i>\t\t\t<\/span>\n\t\t\t\t\t\t\t\t\t<span class=\"elementor-button-text\">Imprimer la carte de r\u00e9duction<\/span>\n\t\t\t\t\t<\/span>\n\t\t\t\t\t<\/a>\n\t\t\t\t<\/div>\n\t\t\t\t\t\t\t\t<\/div>\n\t\t\t\t<\/div>\n\t\t\t\t<\/div>\n\t\t\t\t<div class=\"elementor-element elementor-element-1501a1f elementor-widget-divider--view-line elementor-widget elementor-widget-divider\" data-id=\"1501a1f\" data-element_type=\"widget\" data-e-type=\"widget\" data-widget_type=\"divider.default\">\n\t\t\t\t<div class=\"elementor-widget-container\">\n\t\t\t\t\t\t\t<div class=\"elementor-divider\">\n\t\t\t<span class=\"elementor-divider-separator\">\n\t\t\t\t\t\t<\/span>\n\t\t<\/div>\n\t\t\t\t\t\t<\/div>\n\t\t\t\t<\/div>\n\t\t\t\t<div class=\"elementor-element elementor-element-aa20d4a elementor-widget elementor-widget-heading\" data-id=\"aa20d4a\" data-element_type=\"widget\" data-e-type=\"widget\" data-widget_type=\"heading.default\">\n\t\t\t\t<div class=\"elementor-widget-container\">\n\t\t\t\t\t<h2 class=\"elementor-heading-title elementor-size-default\">Les avantages \u00e0 utiliser le r\u00e9seau CVS \u2013 Caremark\n<\/h2>\t\t\t\t<\/div>\n\t\t\t\t<\/div>\n\t\t\t\t<div class=\"elementor-element elementor-element-365d676 elementor-widget elementor-widget-text-editor\" data-id=\"365d676\" data-element_type=\"widget\" data-e-type=\"widget\" data-widget_type=\"text-editor.default\">\n\t\t\t\t<div class=\"elementor-widget-container\">\n\t\t\t\t\t\t\t\t\t<strong>Global Excel <\/strong>vous donne acc\u00e8s \u00e0 un r\u00e9seau de plus de 68 000 pharmacies, par l\u2019interm\u00e9diaire de CVS \u2013 Caremark.\n\nUtiliser notre r\u00e9seau vous permettra d\u2019\u00e9viter \u00e0 avoir \u00e0 avancer les frais li\u00e9s \u00e0 l\u2019achat de vos medicaments (selon votre niveau de couverture). Cela vous permettra \u00e9galement d\u2019obtenir des prix avantageux gr\u00e2ce au programme de m\u00e9dicaments sur ordonnance de CVS \u2013 Caremark.\n\nLe r\u00e9seau inclus des pharmacies comme CVS, Target, Walmart, Walgreens, Publix, Rite Aid and et d\u2019autres encore.\n\nPour trouver la pharmacie de votre choix, veuillez cliquer sur le bouton en haut \u00ab <a href=\"https:\/\/www.caremark.com\/portal\/asset\/olympus_pharm.htm\">Trouver une pharmacie<\/a> \u00bb\t\t\t\t\t\t\t\t<\/div>\n\t\t\t\t<\/div>\n\t\t\t\t<div class=\"elementor-element elementor-element-0a70708 elementor-widget-divider--view-line elementor-widget elementor-widget-divider\" data-id=\"0a70708\" data-element_type=\"widget\" data-e-type=\"widget\" data-widget_type=\"divider.default\">\n\t\t\t\t<div class=\"elementor-widget-container\">\n\t\t\t\t\t\t\t<div class=\"elementor-divider\">\n\t\t\t<span class=\"elementor-divider-separator\">\n\t\t\t\t\t\t<\/span>\n\t\t<\/div>\n\t\t\t\t\t\t<\/div>\n\t\t\t\t<\/div>\n\t\t\t\t<div class=\"elementor-element elementor-element-372bc0c elementor-widget elementor-widget-heading\" data-id=\"372bc0c\" data-element_type=\"widget\" data-e-type=\"widget\" data-widget_type=\"heading.default\">\n\t\t\t\t<div class=\"elementor-widget-container\">\n\t\t\t\t\t<h2 class=\"elementor-heading-title elementor-size-default\">M\u00e9dicaments g\u00e9n\u00e9riques \u2013 Jusqu\u2019\u00e0 80 % moins cher que les m\u00e9dicaments de marque \n<\/h2>\t\t\t\t<\/div>\n\t\t\t\t<\/div>\n\t\t\t\t<div class=\"elementor-element elementor-element-d2a43ba elementor-widget elementor-widget-image\" data-id=\"d2a43ba\" data-element_type=\"widget\" data-e-type=\"widget\" data-widget_type=\"image.default\">\n\t\t\t\t<div class=\"elementor-widget-container\">\n\t\t\t\t\t\t\t\t\t\t\t\t\t\t\t<img fetchpriority=\"high\" decoding=\"async\" width=\"1400\" height=\"576\" src=\"https:\/\/henner.globalexcel.com\/wp-content\/uploads\/CVSHead-fr-1.jpg\" class=\"attachment-full size-full wp-image-3416\" alt=\"\" srcset=\"https:\/\/henner.globalexcel.com\/wp-content\/uploads\/CVSHead-fr-1.jpg 1400w, https:\/\/henner.globalexcel.com\/wp-content\/uploads\/CVSHead-fr-1-768x316.jpg 768w\" sizes=\"(max-width: 1400px) 100vw, 1400px\" \/>\t\t\t\t\t\t\t\t\t\t\t\t\t\t\t<\/div>\n\t\t\t\t<\/div>\n\t\t\t\t<div class=\"elementor-element elementor-element-227111d elementor-widget elementor-widget-text-editor\" data-id=\"227111d\" data-element_type=\"widget\" data-e-type=\"widget\" data-widget_type=\"text-editor.default\">\n\t\t\t\t<div class=\"elementor-widget-container\">\n\t\t\t\t\t\t\t\t\t<p><strong>Global Excel<strong> et <strong>CVS<strong>\u00a0partagent deux objectifs communs :<\/strong><\/strong><\/strong><\/strong><\/p><ul><li>Fournir des m\u00e9dicaments de qualit\u00e9<\/li><li>R\u00e9duire les co\u00fbts<\/li><\/ul><p>Aux Etats-Unis, la \u00ab\u00a0Food and Drug Administration\u00a0\u00bb exige que les m\u00e9dicaments g\u00e9n\u00e9riques r\u00e9pondent aux m\u00eames normes que les m\u00e9dicaments de marque. Ils contiennent exactement les m\u00eames ingr\u00e9dients cependant, les m\u00e9dicaments de marque peuvent avoir un co\u00fbt plus important de l\u2019ordre de 80 %.<\/p><p>\u00c9galement, la FDA surveille les effets ind\u00e9sirables et effectue un contr\u00f4le de qualit\u00e9 permanent.<\/p><p>Renseignez vous sur la disponibilit\u00e9 des m\u00e9dicaments g\u00e9n\u00e9riques en cas de traitement.<\/p>\t\t\t\t\t\t\t\t<\/div>\n\t\t\t\t<\/div>\n\t\t\t\t<div class=\"elementor-element elementor-element-f0369b2 elementor-widget-divider--view-line elementor-widget elementor-widget-divider\" data-id=\"f0369b2\" data-element_type=\"widget\" data-e-type=\"widget\" data-widget_type=\"divider.default\">\n\t\t\t\t<div class=\"elementor-widget-container\">\n\t\t\t\t\t\t\t<div class=\"elementor-divider\">\n\t\t\t<span class=\"elementor-divider-separator\">\n\t\t\t\t\t\t<\/span>\n\t\t<\/div>\n\t\t\t\t\t\t<\/div>\n\t\t\t\t<\/div>\n\t\t\t\t<div class=\"elementor-element elementor-element-4823964 elementor-widget elementor-widget-text-editor\" data-id=\"4823964\" data-element_type=\"widget\" data-e-type=\"widget\" data-widget_type=\"text-editor.default\">\n\t\t\t\t<div class=\"elementor-widget-container\">\n\t\t\t\t\t\t\t\t\t<h2>M\u00e9dicaments d\u2019entretien<\/h2>\t\t\t\t\t\t\t\t<\/div>\n\t\t\t\t<\/div>\n\t\t<div class=\"elementor-element elementor-element-42ec018 e-con-full e-flex e-con e-child\" data-id=\"42ec018\" data-element_type=\"container\" data-e-type=\"container\">\n\t\t\t\t<div class=\"elementor-element elementor-element-336520e elementor-widget elementor-widget-text-editor\" data-id=\"336520e\" data-element_type=\"widget\" data-e-type=\"widget\" data-widget_type=\"text-editor.default\">\n\t\t\t\t<div class=\"elementor-widget-container\">\n\t\t\t\t\t\t\t\t\t<p>Au lieu de renouveler tous les 30 jours votre ordonnance li\u00e9e aux m\u00e9dicaments d\u2019entretien, saviez-vous que CVS peut vous livrer une provision de 90 jours \u00e0 moindre co\u00fbt ?<\/p><p>Cette m\u00e9thode permet de r\u00e9duire en effet les co\u00fbts mais aussi de prouver que les m\u00e9dicaments prescrits sont bien pris et \u00e0 la fr\u00e9quence indiqu\u00e9 par votre m\u00e9decin.<\/p><p>Pour plus d\u2019informations, concernant l\u2019obtention de votre ordonnance de 90 jours, veuillez <a href=\"https:\/\/www.caremark.com\/manage-prescriptions\/rx-delivery-by-mail.html\">cliquer ici<\/a>.<\/p>\t\t\t\t\t\t\t\t<\/div>\n\t\t\t\t<\/div>\n\t\t\t\t<div class=\"elementor-element elementor-element-134d661 elementor-widget elementor-widget-video\" data-id=\"134d661\" data-element_type=\"widget\" data-e-type=\"widget\" data-settings=\"{&quot;youtube_url&quot;:&quot;https:\\\/\\\/www.youtube.com\\\/watch?v=3mGqLdXRgSw&quot;,&quot;video_type&quot;:&quot;youtube&quot;,&quot;controls&quot;:&quot;yes&quot;}\" data-widget_type=\"video.default\">\n\t\t\t\t<div class=\"elementor-widget-container\">\n\t\t\t\t\t\t\t<div class=\"elementor-wrapper elementor-open-inline\">\n\t\t\t<div class=\"elementor-video\"><\/div>\t\t<\/div>\n\t\t\t\t\t\t<\/div>\n\t\t\t\t<\/div>\n\t\t\t\t<\/div>\n\t\t\t\t<div class=\"elementor-element elementor-element-f7b1a4b elementor-widget-divider--view-line elementor-widget elementor-widget-divider\" data-id=\"f7b1a4b\" data-element_type=\"widget\" data-e-type=\"widget\" data-widget_type=\"divider.default\">\n\t\t\t\t<div class=\"elementor-widget-container\">\n\t\t\t\t\t\t\t<div class=\"elementor-divider\">\n\t\t\t<span class=\"elementor-divider-separator\">\n\t\t\t\t\t\t<\/span>\n\t\t<\/div>\n\t\t\t\t\t\t<\/div>\n\t\t\t\t<\/div>\n\t\t\t\t<div class=\"elementor-element elementor-element-f0329ca elementor-widget elementor-widget-text-editor\" data-id=\"f0329ca\" data-element_type=\"widget\" data-e-type=\"widget\" data-widget_type=\"text-editor.default\">\n\t\t\t\t<div class=\"elementor-widget-container\">\n\t\t\t\t\t\t\t\t\t<h2>M\u00e9dicaments sp\u00e9cialis\u00e9s<\/h2><p>Les m\u00e9dicaments sp\u00e9cialis\u00e9s ou les m\u00e9dicaments utilis\u00e9s pour traiter des maladies chroniques, complexes et\/ou rares peuvent \u00eatre extr\u00eaments co\u00fbteux.<\/p><p>Choisir la bonne pharmacie permet de minimiser vos frais.<\/p><p>Pour obtenir vos m\u00e9dicaments via une pharmacie CVS, <a href=\"https:\/\/www.cvsspecialty.com\/wps\/portal\/specialty\" target=\"_blank\" rel=\"noopener\">cliquez ici<\/a> ou appelez le <strong>1-800-237-2767<\/strong> pour plus d\u2019informations.<\/p>\t\t\t\t\t\t\t\t<\/div>\n\t\t\t\t<\/div>\n\t\t\t\t\t<\/div>\n\t\t\t\t<\/div>\n\t\t<div class=\"elementor-element elementor-element-dfde001 e-flex e-con-boxed e-con e-parent\" data-id=\"dfde001\" data-element_type=\"container\" data-e-type=\"container\" data-settings=\"{&quot;background_background&quot;:&quot;classic&quot;}\">\n\t\t\t\t\t<div class=\"e-con-inner\">\n\t\t\t\t<div class=\"elementor-element elementor-element-ddbaf36 elementor-widget elementor-widget-button\" data-id=\"ddbaf36\" data-element_type=\"widget\" data-e-type=\"widget\" data-widget_type=\"button.default\">\n\t\t\t\t<div class=\"elementor-widget-container\">\n\t\t\t\t\t\t\t\t\t<div class=\"elementor-button-wrapper\">\n\t\t\t\t\t<a class=\"elementor-button elementor-button-link elementor-size-xl\" href=\"https:\/\/www.caremark.com\/portal\/asset\/olympus_pharm.htm\" target=\"_blank\">\n\t\t\t\t\t\t<span class=\"elementor-button-content-wrapper\">\n\t\t\t\t\t\t<span class=\"elementor-button-icon\">\n\t\t\t\t<i aria-hidden=\"true\" class=\"fas fa-arrow-right\"><\/i>\t\t\t<\/span>\n\t\t\t\t\t\t\t\t\t<span class=\"elementor-button-text\">Trouver une pharmacie<\/span>\n\t\t\t\t\t<\/span>\n\t\t\t\t\t<\/a>\n\t\t\t\t<\/div>\n\t\t\t\t\t\t\t\t<\/div>\n\t\t\t\t<\/div>\n\t\t\t\t<div class=\"elementor-element elementor-element-fd6fb89 elementor-widget elementor-widget-button\" data-id=\"fd6fb89\" data-element_type=\"widget\" data-e-type=\"widget\" data-widget_type=\"button.default\">\n\t\t\t\t<div class=\"elementor-widget-container\">\n\t\t\t\t\t\t\t\t\t<div class=\"elementor-button-wrapper\">\n\t\t\t\t\t<a class=\"elementor-button elementor-button-link elementor-size-xl\" href=\"https:\/\/www.caremark.com\/portal\/asset\/olympus_cdc.htm\" target=\"_blank\">\n\t\t\t\t\t\t<span class=\"elementor-button-content-wrapper\">\n\t\t\t\t\t\t<span class=\"elementor-button-icon\">\n\t\t\t\t<i aria-hidden=\"true\" class=\"fas fa-arrow-right\"><\/i>\t\t\t<\/span>\n\t\t\t\t\t\t\t\t\t<span class=\"elementor-button-text\">Consulter le prix des m\u00e9dicaments<\/span>\n\t\t\t\t\t<\/span>\n\t\t\t\t\t<\/a>\n\t\t\t\t<\/div>\n\t\t\t\t\t\t\t\t<\/div>\n\t\t\t\t<\/div>\n\t\t\t\t<div class=\"elementor-element elementor-element-8450e76 elementor-widget elementor-widget-button\" data-id=\"8450e76\" data-element_type=\"widget\" data-e-type=\"widget\" data-widget_type=\"button.default\">\n\t\t\t\t<div class=\"elementor-widget-container\">\n\t\t\t\t\t\t\t\t\t<div class=\"elementor-button-wrapper\">\n\t\t\t\t\t<a class=\"elementor-button elementor-button-link elementor-size-xl\" href=\"https:\/\/www.rxprintacard.biz\/private-label\/enroll-now?account=93\" target=\"_blank\">\n\t\t\t\t\t\t<span class=\"elementor-button-content-wrapper\">\n\t\t\t\t\t\t<span class=\"elementor-button-icon\">\n\t\t\t\t<i aria-hidden=\"true\" class=\"fas fa-arrow-right\"><\/i>\t\t\t<\/span>\n\t\t\t\t\t\t\t\t\t<span class=\"elementor-button-text\">Imprimer la carte de r\u00e9duction<\/span>\n\t\t\t\t\t<\/span>\n\t\t\t\t\t<\/a>\n\t\t\t\t<\/div>\n\t\t\t\t\t\t\t\t<\/div>\n\t\t\t\t<\/div>\n\t\t\t\t\t<\/div>\n\t\t\t\t<\/div>\n\t\t\t\t<\/div>\n\t\t","protected":false},"excerpt":{"rendered":"<p>Trouver une pharmacie Global Excel et CVS \u2013 Caremark se sont associ\u00e9s afin de vous donner acc\u00e8s \u00e0 l\u2019un des plus grands r\u00e9seaux de pharmacies, vous garantissant ainsi des prix raisonnables. Trouver une pharmacie Consulter le prix des m\u00e9dicaments Imprimer la carte de r\u00e9duction Les avantages \u00e0 utiliser le r\u00e9seau CVS \u2013 Caremark Global Excel [&hellip;]<\/p>\n","protected":false},"author":2,"featured_media":0,"parent":0,"menu_order":0,"comment_status":"closed","ping_status":"closed","template":"","meta":{"inline_featured_image":false,"footnotes":""},"class_list":["post-2053","page","type-page","status-publish","hentry"],"_links":{"self":[{"href":"https:\/\/henner.globalexcel.com\/fr\/wp-json\/wp\/v2\/pages\/2053","targetHints":{"allow":["GET"]}}],"collection":[{"href":"https:\/\/henner.globalexcel.com\/fr\/wp-json\/wp\/v2\/pages"}],"about":[{"href":"https:\/\/henner.globalexcel.com\/fr\/wp-json\/wp\/v2\/types\/page"}],"author":[{"embeddable":true,"href":"https:\/\/henner.globalexcel.com\/fr\/wp-json\/wp\/v2\/users\/2"}],"replies":[{"embeddable":true,"href":"https:\/\/henner.globalexcel.com\/fr\/wp-json\/wp\/v2\/comments?post=2053"}],"version-history":[{"count":76,"href":"https:\/\/henner.globalexcel.com\/fr\/wp-json\/wp\/v2\/pages\/2053\/revisions"}],"predecessor-version":[{"id":3639,"href":"https:\/\/henner.globalexcel.com\/fr\/wp-json\/wp\/v2\/pages\/2053\/revisions\/3639"}],"wp:attachment":[{"href":"https:\/\/henner.globalexcel.com\/fr\/wp-json\/wp\/v2\/media?parent=2053"}],"curies":[{"name":"wp","href":"https:\/\/api.w.org\/{rel}","templated":true}]}}