{"id":2058,"date":"2023-03-21T14:40:56","date_gmt":"2023-03-21T18:40:56","guid":{"rendered":"https:\/\/henner.switch.makemagik.com\/se-familiariser-avec-le-systeme-de-soins-de-sante-local\/"},"modified":"2024-04-29T11:51:00","modified_gmt":"2024-04-29T15:51:00","slug":"se-familiariser-avec-le-systeme-de-sante","status":"publish","type":"page","link":"https:\/\/henner.globalexcel.com\/fr\/se-familiariser-avec-le-systeme-de-sante\/","title":{"rendered":"Se familiariser avec le syst\u00e8me de sant\u00e9"},"content":{"rendered":"\t\t<div data-elementor-type=\"wp-page\" data-elementor-id=\"2058\" class=\"elementor elementor-2058 elementor-1827\" data-elementor-post-type=\"page\">\n\t\t\t\t<div class=\"elementor-element elementor-element-65a3a47 e-flex e-con-boxed e-con e-parent\" data-id=\"65a3a47\" data-element_type=\"container\" data-e-type=\"container\" data-settings=\"{&quot;background_background&quot;:&quot;classic&quot;}\">\n\t\t\t\t\t<div class=\"e-con-inner\">\n\t\t\t\t<div class=\"elementor-element elementor-element-74d447a elementor-widget elementor-widget-heading\" data-id=\"74d447a\" data-element_type=\"widget\" data-e-type=\"widget\" data-widget_type=\"heading.default\">\n\t\t\t\t<div class=\"elementor-widget-container\">\n\t\t\t\t\t<h1 class=\"elementor-heading-title elementor-size-default\">Se familiariser avec le<br>\nsyst\u00e8me de sant\u00e9<\/h1>\t\t\t\t<\/div>\n\t\t\t\t<\/div>\n\t\t\t\t\t<\/div>\n\t\t\t\t<\/div>\n\t\t<div class=\"elementor-element elementor-element-990fe4c e-flex e-con-boxed e-con e-parent\" data-id=\"990fe4c\" data-element_type=\"container\" data-e-type=\"container\">\n\t\t\t\t\t<div class=\"e-con-inner\">\n\t\t\t\t<div class=\"elementor-element elementor-element-3a97d92 elementor-widget elementor-widget-text-editor\" data-id=\"3a97d92\" data-element_type=\"widget\" data-e-type=\"widget\" data-widget_type=\"text-editor.default\">\n\t\t\t\t<div class=\"elementor-widget-container\">\n\t\t\t\t\t\t\t\t\t<h2>Le syst\u00e8me aux Etats-Unis<\/h2><p>Les Etats-Unis disposent d\u2019un r\u00e9seau de prestataires de sant\u00e9 hautement qualifi\u00e9 mais aussi tr\u00e8s cher. Le co\u00fbt des soins varie d\u2019une r\u00e9gion \u00e0 une autre dans le pays.<\/p><p><span style=\"text-align: var(--text-align); font-size: 1em;\">En l\u2019absence de normalisation ou de r\u00e9glementation des co\u00fbts, les prestataires de sant\u00e9 sont libres de fixer leurs propres prix. Global Excel est l\u00e0 pour vous donner acc\u00e8s \u00e0 des soins de haute qualit\u00e9 \u00e0 des co\u00fbts raisonnables.<\/span><\/p>\t\t\t\t\t\t\t\t<\/div>\n\t\t\t\t<\/div>\n\t\t<div class=\"elementor-element elementor-element-32908b2 e-flex e-con-boxed e-con e-child\" data-id=\"32908b2\" data-element_type=\"container\" data-e-type=\"container\">\n\t\t\t\t\t<div class=\"e-con-inner\">\n\t\t\t\t<div class=\"elementor-element elementor-element-d513b1b elementor-widget elementor-widget-text-editor\" data-id=\"d513b1b\" data-element_type=\"widget\" data-e-type=\"widget\" data-widget_type=\"text-editor.default\">\n\t\t\t\t<div class=\"elementor-widget-container\">\n\t\t\t\t\t\t\t\t\t<p>Cette\u00a0<span style=\"text-align: var(--text-align); font-size: 1em;\"><strong>premi\u00e8re vid\u00e9o<\/strong>\u00a0<\/span><span style=\"text-align: var(--text-align); font-size: 1em;\">vous pr\u00e9sente des indications sur l\u2019utilisation de la carte Aetna.<\/span><\/p>\t\t\t\t\t\t\t\t<\/div>\n\t\t\t\t<\/div>\n\t\t\t\t<div class=\"elementor-element elementor-element-894e64d elementor-widget elementor-widget-video\" data-id=\"894e64d\" data-element_type=\"widget\" data-e-type=\"widget\" data-settings=\"{&quot;video_type&quot;:&quot;vimeo&quot;}\" data-widget_type=\"video.default\">\n\t\t\t\t<div class=\"elementor-widget-container\">\n\t\t\t\t\t\t\t<div class=\"elementor-wrapper elementor-open-inline\">\n\t\t\t<iframe class=\"elementor-video-iframe\" allowfullscreen allow=\"clipboard-write\" title=\"Lecteur vid\u00e9o vimeo\" src=\"https:\/\/player.vimeo.com\/video\/862122738?color&amp;autopause=0&amp;loop=0&amp;muted=0&amp;title=0&amp;portrait=0&amp;byline=0&amp;h=31cf154e0f#t=\"><\/iframe>\t\t<\/div>\n\t\t\t\t\t\t<\/div>\n\t\t\t\t<\/div>\n\t\t\t\t\t<\/div>\n\t\t\t\t<\/div>\n\t\t<div class=\"elementor-element elementor-element-c204a73 e-flex e-con-boxed e-con e-child\" data-id=\"c204a73\" data-element_type=\"container\" data-e-type=\"container\">\n\t\t\t\t\t<div class=\"e-con-inner\">\n\t\t\t\t<div class=\"elementor-element elementor-element-6ac41e4 elementor-widget elementor-widget-text-editor\" data-id=\"6ac41e4\" data-element_type=\"widget\" data-e-type=\"widget\" data-widget_type=\"text-editor.default\">\n\t\t\t\t<div class=\"elementor-widget-container\">\n\t\t\t\t\t\t\t\t\t<h2>Vous trouverez ci-dessous des vid\u00e9os pour vous familiariser avec le syst\u00e8me de sant\u00e9 am\u00e9ricain.<\/h2><p>Cette\u00a0<strong><span style=\"text-align: var(--text-align); font-size: 1em;\">deuxi\u00e8me vid\u00e9o<\/span><\/strong><span style=\"text-align: var(--text-align); font-size: 1em;\">\u00a0<\/span><span style=\"text-align: var(--text-align); font-size: 1em;\">vous guide dans les d\u00e9marches \u00e0 suivre lors d\u2019un rendez-vous avec un m\u00e9decin ou un dentiste.<\/span><\/p>\t\t\t\t\t\t\t\t<\/div>\n\t\t\t\t<\/div>\n\t\t\t\t<div class=\"elementor-element elementor-element-5368cbf elementor-widget elementor-widget-video\" data-id=\"5368cbf\" data-element_type=\"widget\" data-e-type=\"widget\" data-settings=\"{&quot;video_type&quot;:&quot;vimeo&quot;}\" data-widget_type=\"video.default\">\n\t\t\t\t<div class=\"elementor-widget-container\">\n\t\t\t\t\t\t\t<div class=\"elementor-wrapper elementor-open-inline\">\n\t\t\t<iframe class=\"elementor-video-iframe\" allowfullscreen allow=\"clipboard-write\" title=\"Lecteur vid\u00e9o vimeo\" src=\"https:\/\/player.vimeo.com\/video\/862122811?color&amp;autopause=0&amp;loop=0&amp;muted=0&amp;title=0&amp;portrait=0&amp;byline=0&amp;h=6f59f34bb4#t=\"><\/iframe>\t\t<\/div>\n\t\t\t\t\t\t<\/div>\n\t\t\t\t<\/div>\n\t\t\t\t\t<\/div>\n\t\t\t\t<\/div>\n\t\t<div class=\"elementor-element elementor-element-8139137 e-flex e-con-boxed e-con e-child\" data-id=\"8139137\" data-element_type=\"container\" data-e-type=\"container\">\n\t\t\t\t\t<div class=\"e-con-inner\">\n\t\t\t\t<div class=\"elementor-element elementor-element-856acca elementor-widget elementor-widget-text-editor\" data-id=\"856acca\" data-element_type=\"widget\" data-e-type=\"widget\" data-widget_type=\"text-editor.default\">\n\t\t\t\t<div class=\"elementor-widget-container\">\n\t\t\t\t\t\t\t\t\t<p>Cette <strong>troisi\u00e8me vid\u00e9o<\/strong> vous guide dans les d\u00e9marches \u00e0 suivre en cas de r\u00e9ception \u00e0 votre domicile d\u2019une facture d\u2019un prestataire de sant\u00e9.<\/p>\t\t\t\t\t\t\t\t<\/div>\n\t\t\t\t<\/div>\n\t\t\t\t<div class=\"elementor-element elementor-element-4bc3569 elementor-widget elementor-widget-video\" data-id=\"4bc3569\" data-element_type=\"widget\" data-e-type=\"widget\" data-settings=\"{&quot;video_type&quot;:&quot;vimeo&quot;}\" data-widget_type=\"video.default\">\n\t\t\t\t<div class=\"elementor-widget-container\">\n\t\t\t\t\t\t\t<div class=\"elementor-wrapper elementor-open-inline\">\n\t\t\t<iframe class=\"elementor-video-iframe\" allowfullscreen allow=\"clipboard-write\" title=\"Lecteur vid\u00e9o vimeo\" src=\"https:\/\/player.vimeo.com\/video\/862122887?color&amp;autopause=0&amp;loop=0&amp;muted=0&amp;title=0&amp;portrait=0&amp;byline=0&amp;h=777fa3a96c#t=\"><\/iframe>\t\t<\/div>\n\t\t\t\t\t\t<\/div>\n\t\t\t\t<\/div>\n\t\t\t\t\t<\/div>\n\t\t\t\t<\/div>\n\t\t\t\t<div class=\"elementor-element elementor-element-c3eebc1 elementor-widget-divider--view-line elementor-widget elementor-widget-divider\" data-id=\"c3eebc1\" data-element_type=\"widget\" data-e-type=\"widget\" data-widget_type=\"divider.default\">\n\t\t\t\t<div class=\"elementor-widget-container\">\n\t\t\t\t\t\t\t<div class=\"elementor-divider\">\n\t\t\t<span class=\"elementor-divider-separator\">\n\t\t\t\t\t\t<\/span>\n\t\t<\/div>\n\t\t\t\t\t\t<\/div>\n\t\t\t\t<\/div>\n\t\t\t\t<div class=\"elementor-element elementor-element-7aa61be elementor-widget elementor-widget-text-editor\" data-id=\"7aa61be\" data-element_type=\"widget\" data-e-type=\"widget\" data-widget_type=\"text-editor.default\">\n\t\t\t\t<div class=\"elementor-widget-container\">\n\t\t\t\t\t\t\t\t\t<h2>Les r\u00e9seaux d\u2019organisation de prestataires privil\u00e9gi\u00e9s<\/h2>\nAux Etats-Unis, la plupart des gens ont acc\u00e8s aux soins par le biais de l\u2019un des types de plan de sant\u00e9 :\n<ul>\n<li>Le organisations de prestataires privil\u00e9gi\u00e9s (PPO)<\/li>\n \t<li>Les organismes de maintien de la sant\u00e9 (HMO)<\/li>\n \t<li>Les programmes gouvernementaux (Medicare\/Medicaid)<\/li>\n<\/ul>\n<\/li>\n<\/ul>\nCes r\u00e9gimes sont compos\u00e9s de \u00ab\u00a0r\u00e9seaux\u00a0\u00bb de prestataires, notamment des m\u00e9decins, h\u00f4pitaux, centres d\u2019imagerie m\u00e9dical ayant conclu des contrats avec des r\u00e9gimes de sant\u00e9 pour des taux de remboursement d\u00e9finis.\n\nLes PPO ont tendance \u00e0 \u00eatre plus importants et \u00e0 inclure de nombreux prestataires, auxquels vous pouvez acc\u00e9der librement tandis que les HMO ont une liste de prestataires plus restrictive. Le gouvement offre une couverture Medicare (pour les plus de 65 ans) et Medicaid (pour les faibles revenus).\n\nLes prestataires de sant\u00e9 pr\u00e9cisent leur affiliation au r\u00e9seau au moment de l\u2019enregistrement. Quant aux assur\u00e9s, ils ont des cartes qui pr\u00e9cisent leur affiliation, que le prestataire de sant\u00e9 enregistre dans le syst\u00e8me. Les factures sont ensuite envoy\u00e9es au r\u00e9gime d\u2019assurance maladie associ\u00e9 et le remboursement est effectu\u00e9 conform\u00e9ment au contrat.\t\t\t\t\t\t\t\t<\/div>\n\t\t\t\t<\/div>\n\t\t\t\t\t<\/div>\n\t\t\t\t<\/div>\n\t\t\t\t<\/div>\n\t\t","protected":false},"excerpt":{"rendered":"<p>Se familiariser avec le syst\u00e8me de sant\u00e9 Le syst\u00e8me aux Etats-Unis Les Etats-Unis disposent d\u2019un r\u00e9seau de prestataires de sant\u00e9 hautement qualifi\u00e9 mais aussi tr\u00e8s cher. Le co\u00fbt des soins varie d\u2019une r\u00e9gion \u00e0 une autre dans le pays. En l\u2019absence de normalisation ou de r\u00e9glementation des co\u00fbts, les prestataires de sant\u00e9 sont libres de [&hellip;]<\/p>\n","protected":false},"author":2,"featured_media":0,"parent":0,"menu_order":0,"comment_status":"closed","ping_status":"closed","template":"","meta":{"inline_featured_image":false,"footnotes":""},"class_list":["post-2058","page","type-page","status-publish","hentry"],"_links":{"self":[{"href":"https:\/\/henner.globalexcel.com\/fr\/wp-json\/wp\/v2\/pages\/2058","targetHints":{"allow":["GET"]}}],"collection":[{"href":"https:\/\/henner.globalexcel.com\/fr\/wp-json\/wp\/v2\/pages"}],"about":[{"href":"https:\/\/henner.globalexcel.com\/fr\/wp-json\/wp\/v2\/types\/page"}],"author":[{"embeddable":true,"href":"https:\/\/henner.globalexcel.com\/fr\/wp-json\/wp\/v2\/users\/2"}],"replies":[{"embeddable":true,"href":"https:\/\/henner.globalexcel.com\/fr\/wp-json\/wp\/v2\/comments?post=2058"}],"version-history":[{"count":83,"href":"https:\/\/henner.globalexcel.com\/fr\/wp-json\/wp\/v2\/pages\/2058\/revisions"}],"predecessor-version":[{"id":3665,"href":"https:\/\/henner.globalexcel.com\/fr\/wp-json\/wp\/v2\/pages\/2058\/revisions\/3665"}],"wp:attachment":[{"href":"https:\/\/henner.globalexcel.com\/fr\/wp-json\/wp\/v2\/media?parent=2058"}],"curies":[{"name":"wp","href":"https:\/\/api.w.org\/{rel}","templated":true}]}}