{"id":2886,"date":"2023-09-15T14:19:16","date_gmt":"2023-09-15T18:19:16","guid":{"rendered":"https:\/\/henner.switch.makemagik.com\/trouver-un-dentiste-2\/"},"modified":"2025-07-31T10:53:51","modified_gmt":"2025-07-31T14:53:51","slug":"trouver-un-dentiste","status":"publish","type":"page","link":"https:\/\/henner.globalexcel.com\/fr\/trouver-un-dentiste\/","title":{"rendered":"Trouver un dentiste"},"content":{"rendered":"\t\t<div data-elementor-type=\"wp-page\" data-elementor-id=\"2886\" class=\"elementor elementor-2886 elementor-2855\" data-elementor-post-type=\"page\">\n\t\t\t\t<div class=\"elementor-element elementor-element-65a3a47 e-flex e-con-boxed e-con e-parent\" data-id=\"65a3a47\" data-element_type=\"container\" data-e-type=\"container\" data-settings=\"{&quot;background_background&quot;:&quot;classic&quot;}\">\n\t\t\t\t\t<div class=\"e-con-inner\">\n\t\t\t\t<div class=\"elementor-element elementor-element-74d447a elementor-widget elementor-widget-heading\" data-id=\"74d447a\" data-element_type=\"widget\" data-e-type=\"widget\" data-widget_type=\"heading.default\">\n\t\t\t\t<div class=\"elementor-widget-container\">\n\t\t\t\t\t<h1 class=\"elementor-heading-title elementor-size-default\">Trouver un dentiste<\/h1>\t\t\t\t<\/div>\n\t\t\t\t<\/div>\n\t\t\t\t\t<\/div>\n\t\t\t\t<\/div>\n\t\t<div class=\"elementor-element elementor-element-2d8c312 e-flex e-con-boxed e-con e-parent\" data-id=\"2d8c312\" data-element_type=\"container\" data-e-type=\"container\">\n\t\t\t\t\t<div class=\"e-con-inner\">\n\t\t\t\t<div class=\"elementor-element elementor-element-8d14203 elementor-widget elementor-widget-heading\" data-id=\"8d14203\" data-element_type=\"widget\" data-e-type=\"widget\" data-widget_type=\"heading.default\">\n\t\t\t\t<div class=\"elementor-widget-container\">\n\t\t\t\t\t<h2 class=\"elementor-heading-title elementor-size-default\"><strong>Global excel <\/strong>et le r\u00e9seau de soin dentaire <strong>DenteMax<\/strong> se sont associ\u00e9s pour offrir l\u2019un des plus grands r\u00e9seaux \u00e0 l\u2019echelle nationale, garantissant des soins de qualit\u00e9 aux co\u00fbts raisonnables. Les avantages \u00e0 utiliser le r\u00e9seau <strong>DenteMax : <\/strong>\n\n<\/h2>\t\t\t\t<\/div>\n\t\t\t\t<\/div>\n\t\t<div class=\"elementor-element elementor-element-9169d06 e-con-full e-flex e-con e-child\" data-id=\"9169d06\" data-element_type=\"container\" data-e-type=\"container\">\n\t\t\t\t<div class=\"elementor-element elementor-element-f896ca5 elementor-widget__width-initial elementor-widget elementor-widget-text-editor\" data-id=\"f896ca5\" data-element_type=\"widget\" data-e-type=\"widget\" data-widget_type=\"text-editor.default\">\n\t\t\t\t<div class=\"elementor-widget-container\">\n\t\t\t\t\t\t\t\t\t<ul><li>Un acc\u00e8s \u00e0 plus de 270 000 cabinets dentaires<\/li><li>Une prise de rendez-vous simple et rapide<\/li><li>Une politique d\u2019accr\u00e9ditation stricte : DenteMax accr\u00e9dite tous les dentistes du r\u00e9seau en examinant r\u00e9guli\u00e8rement les pratiques pour s\u2019assurer qu\u2019elles r\u00e9pondent \u00e0 des normes de haute qualit\u00e9<\/li><li>Une \u00e9conomie de 20 \u00e0 40 % sur les frais dentaires<\/li><\/ul>\t\t\t\t\t\t\t\t<\/div>\n\t\t\t\t<\/div>\n\t\t\t\t<div class=\"elementor-element elementor-element-c8025a9 elementor-widget elementor-widget-button\" data-id=\"c8025a9\" data-element_type=\"widget\" data-e-type=\"widget\" data-widget_type=\"button.default\">\n\t\t\t\t<div class=\"elementor-widget-container\">\n\t\t\t\t\t\t\t\t\t<div class=\"elementor-button-wrapper\">\n\t\t\t\t\t<a class=\"elementor-button elementor-button-link elementor-size-xl\" href=\"https:\/\/www.dentemax.com\/find-a-dentist\" target=\"_blank\">\n\t\t\t\t\t\t<span class=\"elementor-button-content-wrapper\">\n\t\t\t\t\t\t<span class=\"elementor-button-icon\">\n\t\t\t\t<i aria-hidden=\"true\" class=\"fas fa-arrow-right\"><\/i>\t\t\t<\/span>\n\t\t\t\t\t\t\t\t\t<span class=\"elementor-button-text\">Trouver un dentiste<\/span>\n\t\t\t\t\t<\/span>\n\t\t\t\t\t<\/a>\n\t\t\t\t<\/div>\n\t\t\t\t\t\t\t\t<\/div>\n\t\t\t\t<\/div>\n\t\t\t\t<\/div>\n\t\t\t\t\t<\/div>\n\t\t\t\t<\/div>\n\t\t<div class=\"elementor-element elementor-element-660cc6b e-flex e-con-boxed e-con e-parent\" data-id=\"660cc6b\" data-element_type=\"container\" data-e-type=\"container\" data-settings=\"{&quot;background_background&quot;:&quot;classic&quot;}\">\n\t\t\t\t\t<div class=\"e-con-inner\">\n\t\t\t\t<div class=\"elementor-element elementor-element-0e1dd2d elementor-widget elementor-widget-button\" data-id=\"0e1dd2d\" data-element_type=\"widget\" data-e-type=\"widget\" data-widget_type=\"button.default\">\n\t\t\t\t<div class=\"elementor-widget-container\">\n\t\t\t\t\t\t\t\t\t<div class=\"elementor-button-wrapper\">\n\t\t\t\t\t<a class=\"elementor-button elementor-button-link elementor-size-xl\" href=\"https:\/\/www.dentemax.com\/find-a-dentist\" target=\"_blank\">\n\t\t\t\t\t\t<span class=\"elementor-button-content-wrapper\">\n\t\t\t\t\t\t<span class=\"elementor-button-icon\">\n\t\t\t\t<i aria-hidden=\"true\" class=\"fas fa-arrow-right\"><\/i>\t\t\t<\/span>\n\t\t\t\t\t\t\t\t\t<span class=\"elementor-button-text\">Trouver un dentiste<\/span>\n\t\t\t\t\t<\/span>\n\t\t\t\t\t<\/a>\n\t\t\t\t<\/div>\n\t\t\t\t\t\t\t\t<\/div>\n\t\t\t\t<\/div>\n\t\t\t\t<div class=\"elementor-element elementor-element-690ffa0 elementor-widget elementor-widget-button\" data-id=\"690ffa0\" data-element_type=\"widget\" data-e-type=\"widget\" data-widget_type=\"button.default\">\n\t\t\t\t<div class=\"elementor-widget-container\">\n\t\t\t\t\t\t\t\t\t<div class=\"elementor-button-wrapper\">\n\t\t\t\t\t<a class=\"elementor-button elementor-button-link elementor-size-xl\" href=\"https:\/\/henner.globalexcel.com\/fr\/se-familiariser-avec-le-systeme-de-sante\/\">\n\t\t\t\t\t\t<span class=\"elementor-button-content-wrapper\">\n\t\t\t\t\t\t<span class=\"elementor-button-icon\">\n\t\t\t\t<i aria-hidden=\"true\" class=\"fas fa-arrow-right\"><\/i>\t\t\t<\/span>\n\t\t\t\t\t\t\t\t\t<span class=\"elementor-button-text\">Se familiariser avec le syst\u00e8me de sant\u00e9<\/span>\n\t\t\t\t\t<\/span>\n\t\t\t\t\t<\/a>\n\t\t\t\t<\/div>\n\t\t\t\t\t\t\t\t<\/div>\n\t\t\t\t<\/div>\n\t\t\t\t\t<\/div>\n\t\t\t\t<\/div>\n\t\t\t\t<\/div>\n\t\t","protected":false},"excerpt":{"rendered":"<p>Trouver un dentiste Global excel et le r\u00e9seau de soin dentaire DenteMax se sont associ\u00e9s pour offrir l\u2019un des plus grands r\u00e9seaux \u00e0 l\u2019echelle nationale, garantissant des soins de qualit\u00e9 aux co\u00fbts raisonnables. Les avantages \u00e0 utiliser le r\u00e9seau DenteMax : Un acc\u00e8s \u00e0 plus de 270 000 cabinets dentaires Une prise de rendez-vous simple [&hellip;]<\/p>\n","protected":false},"author":3,"featured_media":0,"parent":0,"menu_order":0,"comment_status":"closed","ping_status":"closed","template":"","meta":{"inline_featured_image":false,"footnotes":""},"class_list":["post-2886","page","type-page","status-publish","hentry"],"_links":{"self":[{"href":"https:\/\/henner.globalexcel.com\/fr\/wp-json\/wp\/v2\/pages\/2886","targetHints":{"allow":["GET"]}}],"collection":[{"href":"https:\/\/henner.globalexcel.com\/fr\/wp-json\/wp\/v2\/pages"}],"about":[{"href":"https:\/\/henner.globalexcel.com\/fr\/wp-json\/wp\/v2\/types\/page"}],"author":[{"embeddable":true,"href":"https:\/\/henner.globalexcel.com\/fr\/wp-json\/wp\/v2\/users\/3"}],"replies":[{"embeddable":true,"href":"https:\/\/henner.globalexcel.com\/fr\/wp-json\/wp\/v2\/comments?post=2886"}],"version-history":[{"count":58,"href":"https:\/\/henner.globalexcel.com\/fr\/wp-json\/wp\/v2\/pages\/2886\/revisions"}],"predecessor-version":[{"id":3910,"href":"https:\/\/henner.globalexcel.com\/fr\/wp-json\/wp\/v2\/pages\/2886\/revisions\/3910"}],"wp:attachment":[{"href":"https:\/\/henner.globalexcel.com\/fr\/wp-json\/wp\/v2\/media?parent=2886"}],"curies":[{"name":"wp","href":"https:\/\/api.w.org\/{rel}","templated":true}]}}